{"id":3378,"date":"2016-10-14T12:18:35","date_gmt":"2016-10-14T12:18:35","guid":{"rendered":"http:\/\/www.maciaspavimentos.es\/?page_id=3378"},"modified":"2023-04-17T08:55:46","modified_gmt":"2023-04-17T08:55:46","slug":"localizacion","status":"publish","type":"page","link":"https:\/\/www.maciaspavimentos.es\/index.php\/localizacion\/","title":{"rendered":"Localizaci\u00f3n"},"content":{"rendered":"<div id='full_slider_1'  class='avia-fullwidth-slider main_color avia-shadow   avia-builder-el-0  el_before_av_section  avia-builder-el-first   container_wrap sidebar_right'  ><div  class='avia-slideshow av-av_slideshow_full-70d3471662d91df063fde6d3be2514f3 avia-slideshow-featured_large av_slideshow_full avia-slide-slider av-slideshow-ui av-control-default av-slideshow-autoplay av-loop-endless av-loop-manual-endless av-default-height-applied   avia-slideshow-1' data-slideshow-options=\"{&quot;animation&quot;:&quot;slide&quot;,&quot;autoplay&quot;:true,&quot;loop_autoplay&quot;:&quot;endless&quot;,&quot;interval&quot;:5,&quot;loop_manual&quot;:&quot;manual-endless&quot;,&quot;autoplay_stopper&quot;:false,&quot;noNavigation&quot;:false,&quot;bg_slider&quot;:false,&quot;keep_padding&quot;:false,&quot;hoverpause&quot;:false,&quot;show_slide_delay&quot;:0}\"  itemprop=\"image\" itemscope=\"itemscope\" itemtype=\"https:\/\/schema.org\/ImageObject\" ><ul class='avia-slideshow-inner ' style='padding-bottom: 42%;'><li  class='avia-slideshow-slide av-av_slideshow_full-70d3471662d91df063fde6d3be2514f3__0  av-single-slide slide-1 slide-odd'><div data-rel='slideshow-1' class='avia-slide-wrap '   ><img fetchpriority=\"high\" class=\"wp-image-4943 avia-img-lazy-loading-not-4943\"  src='https:\/\/www.maciaspavimentos.es\/wp-content\/uploads\/2016\/10\/fachadaopt-1500x630.jpg' width='1500' height='630' title='fachadaopt' alt=''  itemprop=\"thumbnailUrl\"   \/><\/div><\/li><\/ul><\/div><\/div>\n<div id='av_section_1'  class='avia-section av-av_section-42b35cdcd45048ba02e8a352fe0e02e8 alternate_color avia-section-large avia-shadow  avia-builder-el-1  el_after_av_slideshow_full  el_before_av_section  avia-bg-style-scroll container_wrap sidebar_right'  ><div class='container av-section-cont-open' ><div class='template-page content  av-content-small alpha units'><div class='post-entry post-entry-type-page post-entry-3378'><div class='entry-content-wrapper clearfix'>\n<div  class='flex_column av-av_one_full-2a9015ff38129c418a3f2eafba3e9512 av_one_full  avia-builder-el-2  avia-builder-el-no-sibling  first flex_column_div  '     ><p>\n<style type=\"text\/css\" data-created_by=\"avia_inline_auto\" id=\"style-css-av-av_heading-51425247eb4f5197af5d1796707c6016\">\n#top .av-special-heading.av-av_heading-51425247eb4f5197af5d1796707c6016{\npadding-bottom:10px;\n}\nbody .av-special-heading.av-av_heading-51425247eb4f5197af5d1796707c6016 .av-special-heading-tag .heading-char{\nfont-size:25px;\n}\n.av-special-heading.av-av_heading-51425247eb4f5197af5d1796707c6016 .av-subheading{\nfont-size:15px;\n}\n<\/style>\n<div  class='av-special-heading av-av_heading-51425247eb4f5197af5d1796707c6016 av-special-heading-h1 blockquote modern-quote modern-centered  avia-builder-el-3  el_before_av_hr  avia-builder-el-first '><h1 class='av-special-heading-tag'  itemprop=\"headline\"  >LOCALIZACI\u00d3N<\/h1><div class=\"special-heading-border\"><div class=\"special-heading-inner-border\"><\/div><\/div><\/div><br \/>\n\n<style type=\"text\/css\" data-created_by=\"avia_inline_auto\" id=\"style-css-av-av_hr-ad5a55bd282c5218e36aaca10a145885\">\n#top .hr.av-av_hr-ad5a55bd282c5218e36aaca10a145885{\nmargin-top:30px;\nmargin-bottom:30px;\n}\n.hr.av-av_hr-ad5a55bd282c5218e36aaca10a145885 .hr-inner{\nwidth:200px;\nmax-width:45%;\n}\n.hr.av-av_hr-ad5a55bd282c5218e36aaca10a145885 .av-seperator-icon{\ncolor:#0c359c;\n}\n<\/style>\n<div  class='hr av-av_hr-ad5a55bd282c5218e36aaca10a145885 hr-custom  avia-builder-el-4  el_after_av_heading  el_before_av_textblock  hr-center hr-icon-yes'><span class='hr-inner inner-border-av-border-thin'><span class=\"hr-inner-style\"><\/span><\/span><span class='av-seperator-icon' aria-hidden='true' data-av_icon='\ue8bd' data-av_iconfont='entypo-fontello'><\/span><span class='hr-inner inner-border-av-border-thin'><span class=\"hr-inner-style\"><\/span><\/span><\/div><br \/>\n<section  class='av_textblock_section av-av_textblock-0366cc7376be6c9e82a3e9cc8987b64f '   itemscope=\"itemscope\" itemtype=\"https:\/\/schema.org\/CreativeWork\" ><div class='avia_textblock'  itemprop=\"text\" ><p style=\"text-align: center;\"><strong>MACIAS E HIJOS PAVIMENTOS<\/strong><br \/>\nCALLE AMERICA, 40 POL. IND. LOS VILLARES<br \/>\n37184 VILLARES DE LA REINA (Salamanca) Espa\u00f1a<\/p>\n<p style=\"text-align: center;\">OFICINA:<br \/>\nTel\u00e9fonos: 923 204 758 \/ 616 243 495 \/\u00a0629 372 630 \/ 630 603 865<br \/>\nFax: 923 204 508<\/p>\n<p style=\"text-align: center;\">E-mail:<br \/>\n<a class=\"MAIL\" href=\"mailto:info@maciaspavimentos.es\" target=\"_blank\" rel=\"noopener\"><span class=\"MAIL\">info@maciaspavimentos.es<\/span><\/a><\/p>\n<p style=\"text-align: center;\"><a class=\"MAIL\" href=\"mailto:comercial@maciaspavimentos.es\" target=\"_blank\" rel=\"noopener\"><span class=\"MAIL\">comercial@maciaspavimentos.es<\/span><\/a><\/p>\n<\/div><\/section><\/p><\/div><\/div><\/div><\/div><!-- close content main div --><\/div><\/div><div id='av_section_2'  class='avia-section av-av_section-7a6cbb811cb9e4f25e8127981e5b669d main_color avia-section-default avia-no-shadow  avia-builder-el-6  el_after_av_section  el_before_av_section  avia-bg-style-scroll container_wrap sidebar_right'  ><div class='container av-section-cont-open' ><div class='template-page content  av-content-small alpha units'><div class='post-entry post-entry-type-page post-entry-3378'><div class='entry-content-wrapper clearfix'>\n\n<style type=\"text\/css\" data-created_by=\"avia_inline_auto\" id=\"style-css-av-av_one_full-9497bbf8bff73ea4c6992cc17fa9ec36\">\n.flex_column.av-av_one_full-9497bbf8bff73ea4c6992cc17fa9ec36{\nborder-radius:0px 0px 0px 0px;\npadding:0px 0px 0px 0px;\n}\n<\/style>\n<div  class='flex_column av-av_one_full-9497bbf8bff73ea4c6992cc17fa9ec36 av_one_full  avia-builder-el-7  avia-builder-el-no-sibling  first flex_column_div av-zero-column-padding  '     ><section  class='av_textblock_section av-av_textblock-0366cc7376be6c9e82a3e9cc8987b64f '   itemscope=\"itemscope\" itemtype=\"https:\/\/schema.org\/CreativeWork\" ><div class='avia_textblock'  itemprop=\"text\" ><p><iframe loading=\"lazy\" style=\"border: 0;\" src=\"https:\/\/www.google.com\/maps\/embed?pb=!1m18!1m12!1m3!1d3011.5241175010656!2d-5.648383748332378!3d40.99190022827862!2m3!1f0!2f0!3f0!3m2!1i1024!2i768!4f13.1!3m3!1m2!1s0xd3f28ad568ac4d5%3A0x87163e34be0b9266!2sC.%20Am%C3%A9rica%2C%2040%2C%2037184%20Villares%20de%20la%20Reina%2C%20Salamanca!5e0!3m2!1ses!2ses!4v1646382360376!5m2!1ses!2ses\" width=\"1500\" height=\"450\" allowfullscreen=\"allowfullscreen\"><\/iframe><\/p>\n<\/div><\/section><\/div>\n<\/p>\n<\/div><\/div><\/div><!-- close content main div --><\/div><\/div><div id='av_section_3'  class='avia-section av-av_section-d18d8c2c81d10022ebd21ffa95322c35 main_color avia-section-default avia-no-shadow  avia-builder-el-9  el_after_av_section  avia-builder-el-last  avia-bg-style-scroll container_wrap sidebar_right'  ><div class='container av-section-cont-open' ><div class='template-page content  av-content-small alpha units'><div class='post-entry post-entry-type-page post-entry-3378'><div class='entry-content-wrapper clearfix'>\n\n<style type=\"text\/css\" data-created_by=\"avia_inline_auto\" id=\"style-css-av-av_one_fourth-0d9dbec7e98bcca5858b02aa65ecdb09\">\n.flex_column.av-av_one_fourth-0d9dbec7e98bcca5858b02aa65ecdb09{\nborder-radius:0px 0px 0px 0px;\npadding:0px 0px 0px 0px;\n}\n<\/style>\n<div  class='flex_column av-av_one_fourth-0d9dbec7e98bcca5858b02aa65ecdb09 av_one_fourth  avia-builder-el-10  el_before_av_one_half  avia-builder-el-first  first flex_column_div av-animated-generic left-to-right av-zero-column-padding  '     ><\/div>\n<style type=\"text\/css\" data-created_by=\"avia_inline_auto\" id=\"style-css-av-av_one_half-506fae65c27b937ea0cc6b3db6d118a4\">\n.flex_column.av-av_one_half-506fae65c27b937ea0cc6b3db6d118a4{\nborder-radius:0px 0px 0px 0px;\npadding:0px 0px 0px 0px;\n}\n<\/style>\n<div  class='flex_column av-av_one_half-506fae65c27b937ea0cc6b3db6d118a4 av_one_half  avia-builder-el-11  el_after_av_one_fourth  el_before_av_one_fourth  flex_column_div av-animated-generic av-rotateIn av-zero-column-padding  '     ><p>\n<style type=\"text\/css\" data-created_by=\"avia_inline_auto\" id=\"style-css-av-av_heading-555a7a587b6f25833f76eeda01f44a2e\">\n#top .av-special-heading.av-av_heading-555a7a587b6f25833f76eeda01f44a2e{\npadding-bottom:10px;\n}\nbody .av-special-heading.av-av_heading-555a7a587b6f25833f76eeda01f44a2e .av-special-heading-tag .heading-char{\nfont-size:25px;\n}\n.av-special-heading.av-av_heading-555a7a587b6f25833f76eeda01f44a2e .av-subheading{\nfont-size:15px;\n}\n<\/style>\n<div  class='av-special-heading av-av_heading-555a7a587b6f25833f76eeda01f44a2e av-special-heading-h4 blockquote modern-quote modern-centered  avia-builder-el-12  el_before_av_image  avia-builder-el-first '><h4 class='av-special-heading-tag'  itemprop=\"headline\"  >DISTRIBUIDORES PARA CASTILLA Y LE\u00d3N DE:<\/h4><div class=\"special-heading-border\"><div class=\"special-heading-inner-border\"><\/div><\/div><\/div><br \/>\n\n<style type=\"text\/css\" data-created_by=\"avia_inline_auto\" id=\"style-css-av-av_image-c6348da6736aac9c6f712648315db0f8\">\n.avia-image-container.av-av_image-c6348da6736aac9c6f712648315db0f8 img.avia_image{\nbox-shadow:none;\n}\n.avia-image-container.av-av_image-c6348da6736aac9c6f712648315db0f8 .av-image-caption-overlay-center{\ncolor:#ffffff;\n}\n<\/style>\n<div  class='avia-image-container av-av_image-c6348da6736aac9c6f712648315db0f8 av-styling- avia-align-center  avia-builder-el-13  el_after_av_heading  el_before_av_button '   itemprop=\"image\" itemscope=\"itemscope\" itemtype=\"https:\/\/schema.org\/ImageObject\" ><div class=\"avia-image-container-inner\"><div class=\"avia-image-overlay-wrap\"><a href=\"http:\/\/www.maciaspavimentos.es\/wp-content\/uploads\/2023\/03\/CATALOGO%20ALMACENES%20Y%20DISTRIBUCION.pdf\" class='avia_image'  target=\"_blank\"  rel=\"noopener noreferrer\" aria-label='logo-pie-drizoro-150'><img fetchpriority=\"high\" class='wp-image-3321 avia-img-lazy-loading-not-3321 avia_image ' src='https:\/\/www.maciaspavimentos.es\/wp-content\/uploads\/2016\/10\/logo-pie-drizoro-150-1.jpg' alt='' title='logo-pie-drizoro-150'  height=\"150\" width=\"273\"  itemprop=\"thumbnailUrl\"  \/><\/a><\/div><\/div><\/div><br \/>\n<div  class='avia-button-wrap av-av_button-e8e04bb81bc69b5ae6fbdba5e67908e0-wrap avia-button-center  avia-builder-el-14  el_after_av_image  avia-builder-el-last '><a href='http:\/\/www.maciaspavimentos.es\/wp-content\/uploads\/2023\/03\/CATALOGO%20ALMACENES%20Y%20DISTRIBUCION.pdf'  class='avia-button av-av_button-e8e04bb81bc69b5ae6fbdba5e67908e0 avia-icon_select-yes-left-icon avia-size-medium avia-position-center avia-color-theme-color'  target=\"_blank\"  rel=\"noopener noreferrer\" ><span class='avia_button_icon avia_button_icon_left' aria-hidden='true' data-av_icon='\ue84e' data-av_iconfont='entypo-fontello'><\/span><span class='avia_iconbox_title' >Ver dossier<\/span><\/a><\/div><\/p><\/div>\n<style type=\"text\/css\" data-created_by=\"avia_inline_auto\" id=\"style-css-av-av_one_fourth-9c1d454dc06f7247226bc4e8f931daae\">\n.flex_column.av-av_one_fourth-9c1d454dc06f7247226bc4e8f931daae{\nborder-radius:0px 0px 0px 0px;\npadding:0px 0px 0px 0px;\n}\n<\/style>\n<div  class='flex_column av-av_one_fourth-9c1d454dc06f7247226bc4e8f931daae av_one_fourth  avia-builder-el-15  el_after_av_one_half  avia-builder-el-last  flex_column_div av-zero-column-padding  '     ><\/div>\n<\/div><\/div><\/div><!-- close content main div --><\/div><\/div><div id='after_section_3'  class='main_color av_default_container_wrap container_wrap sidebar_right'  ><div class='container av-section-cont-open' ><div class='template-page content  av-content-small alpha units'><div class='post-entry post-entry-type-page post-entry-3378'><div class='entry-content-wrapper clearfix'>\n","protected":false},"excerpt":{"rendered":"<p>This is a Page excerpt. It will be displayed for search results<\/p>\n","protected":false},"author":2,"featured_media":0,"parent":0,"menu_order":0,"comment_status":"closed","ping_status":"closed","template":"","meta":{"footnotes":""},"yoast_head":"<!-- This site is optimized with the Yoast SEO plugin v21.4 - https:\/\/yoast.com\/wordpress\/plugins\/seo\/ -->\n<title>Localizaci\u00f3n - maciaspavimentos.es<\/title>\n<meta name=\"description\" content=\"Especialistas en Pavimento terrizo estabilizado: Reparaci\u00f3n y nivelaci\u00f3n de suelos mediante morteros autonivelantes y sistema multicapa.\" \/>\n<meta name=\"robots\" content=\"index, follow, max-snippet:-1, max-image-preview:large, max-video-preview:-1\" \/>\n<link rel=\"canonical\" href=\"https:\/\/www.maciaspavimentos.es\/index.php\/localizacion\/\" \/>\n<meta property=\"og:locale\" content=\"es_ES\" \/>\n<meta property=\"og:type\" content=\"article\" \/>\n<meta property=\"og:title\" content=\"Localizaci\u00f3n - maciaspavimentos.es\" \/>\n<meta property=\"og:description\" content=\"Especialistas en Pavimento terrizo estabilizado: Reparaci\u00f3n y nivelaci\u00f3n de suelos mediante morteros autonivelantes y sistema multicapa.\" \/>\n<meta property=\"og:url\" content=\"https:\/\/www.maciaspavimentos.es\/index.php\/localizacion\/\" \/>\n<meta property=\"og:site_name\" content=\"maciaspavimentos.es\" \/>\n<meta property=\"article:modified_time\" content=\"2023-04-17T08:55:46+00:00\" \/>\n<meta name=\"twitter:card\" content=\"summary_large_image\" \/>\n<meta name=\"twitter:label1\" content=\"Tiempo de lectura\" \/>\n\t<meta name=\"twitter:data1\" content=\"4 minutos\" \/>\n<script type=\"application\/ld+json\" class=\"yoast-schema-graph\">{\"@context\":\"https:\/\/schema.org\",\"@graph\":[{\"@type\":\"WebPage\",\"@id\":\"https:\/\/www.maciaspavimentos.es\/index.php\/localizacion\/\",\"url\":\"https:\/\/www.maciaspavimentos.es\/index.php\/localizacion\/\",\"name\":\"Localizaci\u00f3n - maciaspavimentos.es\",\"isPartOf\":{\"@id\":\"https:\/\/www.maciaspavimentos.es\/#website\"},\"datePublished\":\"2016-10-14T12:18:35+00:00\",\"dateModified\":\"2023-04-17T08:55:46+00:00\",\"description\":\"Especialistas en Pavimento terrizo estabilizado: Reparaci\u00f3n y nivelaci\u00f3n de suelos mediante morteros autonivelantes y sistema multicapa.\",\"breadcrumb\":{\"@id\":\"https:\/\/www.maciaspavimentos.es\/index.php\/localizacion\/#breadcrumb\"},\"inLanguage\":\"es\",\"potentialAction\":[{\"@type\":\"ReadAction\",\"target\":[\"https:\/\/www.maciaspavimentos.es\/index.php\/localizacion\/\"]}]},{\"@type\":\"BreadcrumbList\",\"@id\":\"https:\/\/www.maciaspavimentos.es\/index.php\/localizacion\/#breadcrumb\",\"itemListElement\":[{\"@type\":\"ListItem\",\"position\":1,\"name\":\"Portada\",\"item\":\"https:\/\/www.maciaspavimentos.es\/index.php\/inicio\/\"},{\"@type\":\"ListItem\",\"position\":2,\"name\":\"Localizaci\u00f3n\"}]},{\"@type\":\"WebSite\",\"@id\":\"https:\/\/www.maciaspavimentos.es\/#website\",\"url\":\"https:\/\/www.maciaspavimentos.es\/\",\"name\":\"maciaspavimentos.es\",\"description\":\"PAVIMENTOS\",\"potentialAction\":[{\"@type\":\"SearchAction\",\"target\":{\"@type\":\"EntryPoint\",\"urlTemplate\":\"https:\/\/www.maciaspavimentos.es\/?s={search_term_string}\"},\"query-input\":\"required name=search_term_string\"}],\"inLanguage\":\"es\"}]}<\/script>\n<!-- \/ Yoast SEO plugin. -->","yoast_head_json":{"title":"Localizaci\u00f3n - maciaspavimentos.es","description":"Especialistas en Pavimento terrizo estabilizado: Reparaci\u00f3n y nivelaci\u00f3n de suelos mediante morteros autonivelantes y sistema multicapa.","robots":{"index":"index","follow":"follow","max-snippet":"max-snippet:-1","max-image-preview":"max-image-preview:large","max-video-preview":"max-video-preview:-1"},"canonical":"https:\/\/www.maciaspavimentos.es\/index.php\/localizacion\/","og_locale":"es_ES","og_type":"article","og_title":"Localizaci\u00f3n - maciaspavimentos.es","og_description":"Especialistas en Pavimento terrizo estabilizado: Reparaci\u00f3n y nivelaci\u00f3n de suelos mediante morteros autonivelantes y sistema multicapa.","og_url":"https:\/\/www.maciaspavimentos.es\/index.php\/localizacion\/","og_site_name":"maciaspavimentos.es","article_modified_time":"2023-04-17T08:55:46+00:00","twitter_card":"summary_large_image","twitter_misc":{"Tiempo de lectura":"4 minutos"},"schema":{"@context":"https:\/\/schema.org","@graph":[{"@type":"WebPage","@id":"https:\/\/www.maciaspavimentos.es\/index.php\/localizacion\/","url":"https:\/\/www.maciaspavimentos.es\/index.php\/localizacion\/","name":"Localizaci\u00f3n - maciaspavimentos.es","isPartOf":{"@id":"https:\/\/www.maciaspavimentos.es\/#website"},"datePublished":"2016-10-14T12:18:35+00:00","dateModified":"2023-04-17T08:55:46+00:00","description":"Especialistas en Pavimento terrizo estabilizado: Reparaci\u00f3n y nivelaci\u00f3n de suelos mediante morteros autonivelantes y sistema multicapa.","breadcrumb":{"@id":"https:\/\/www.maciaspavimentos.es\/index.php\/localizacion\/#breadcrumb"},"inLanguage":"es","potentialAction":[{"@type":"ReadAction","target":["https:\/\/www.maciaspavimentos.es\/index.php\/localizacion\/"]}]},{"@type":"BreadcrumbList","@id":"https:\/\/www.maciaspavimentos.es\/index.php\/localizacion\/#breadcrumb","itemListElement":[{"@type":"ListItem","position":1,"name":"Portada","item":"https:\/\/www.maciaspavimentos.es\/index.php\/inicio\/"},{"@type":"ListItem","position":2,"name":"Localizaci\u00f3n"}]},{"@type":"WebSite","@id":"https:\/\/www.maciaspavimentos.es\/#website","url":"https:\/\/www.maciaspavimentos.es\/","name":"maciaspavimentos.es","description":"PAVIMENTOS","potentialAction":[{"@type":"SearchAction","target":{"@type":"EntryPoint","urlTemplate":"https:\/\/www.maciaspavimentos.es\/?s={search_term_string}"},"query-input":"required name=search_term_string"}],"inLanguage":"es"}]}},"_links":{"self":[{"href":"https:\/\/www.maciaspavimentos.es\/index.php\/wp-json\/wp\/v2\/pages\/3378"}],"collection":[{"href":"https:\/\/www.maciaspavimentos.es\/index.php\/wp-json\/wp\/v2\/pages"}],"about":[{"href":"https:\/\/www.maciaspavimentos.es\/index.php\/wp-json\/wp\/v2\/types\/page"}],"author":[{"embeddable":true,"href":"https:\/\/www.maciaspavimentos.es\/index.php\/wp-json\/wp\/v2\/users\/2"}],"replies":[{"embeddable":true,"href":"https:\/\/www.maciaspavimentos.es\/index.php\/wp-json\/wp\/v2\/comments?post=3378"}],"version-history":[{"count":40,"href":"https:\/\/www.maciaspavimentos.es\/index.php\/wp-json\/wp\/v2\/pages\/3378\/revisions"}],"predecessor-version":[{"id":5016,"href":"https:\/\/www.maciaspavimentos.es\/index.php\/wp-json\/wp\/v2\/pages\/3378\/revisions\/5016"}],"wp:attachment":[{"href":"https:\/\/www.maciaspavimentos.es\/index.php\/wp-json\/wp\/v2\/media?parent=3378"}],"curies":[{"name":"wp","href":"https:\/\/api.w.org\/{rel}","templated":true}]}}